{"id":8176,"date":"2022-10-19T11:35:05","date_gmt":"2022-10-19T10:35:05","guid":{"rendered":"https:\/\/fastparkingmalaga.com\/?page_id=8176"},"modified":"2025-04-11T13:02:05","modified_gmt":"2025-04-11T12:02:05","slug":"long-season-rates","status":"publish","type":"page","link":"https:\/\/fastparkingmalaga.com\/en\/long-season-rates\/","title":{"rendered":"Long season rates"},"content":{"rendered":"<section class=\"l-section wpb_row us_custom_7c742a12  hide_on_tablets hide_on_mobiles height_medium with_img\"><div class=\"l-section-img\" style=\"background-image: url(https:\/\/fastparkingmalaga.com\/wp-content\/uploads\/2022\/10\/banner-tarifas.jpg);\" data-img-width=\"1900\" data-img-height=\"850\"><\/div><div class=\"l-section-overlay\" style=\"background:linear-gradient(0deg,#204c9a,rgba(26,55,150,0.40))\"><\/div><div class=\"l-section-h i-cf\"><div class=\"g-cols vc_row via_flex valign_top type_default stacking_default\"><div class=\"vc_col-sm-12 wpb_column vc_column_container\"><div class=\"vc_column-inner\"><div class=\"wpb_wrapper\">[vc_custom_heading text=&#8221;Long season rates&#8221; font_container=&#8221;tag:h1|text_align:center|color:%23ffffff&#8221; use_theme_fonts=&#8221;yes&#8221;]<div class=\"wpb_text_column us_custom_4188c705 has_text_color\"><div class=\"wpb_wrapper\"><p style=\"text-align: center;\">Parking <strong>2 minutes<\/strong> away from Malaga Airport<\/p>\n<\/div><\/div><\/div><\/div><\/div><\/div><\/div><\/section><section class=\"l-section wpb_row us_custom_65712417  hide_on_default hide_on_laptops height_medium with_img\"><div class=\"l-section-img\" style=\"background-image: url(https:\/\/fastparkingmalaga.com\/wp-content\/uploads\/2022\/10\/banner-tarifas.jpg);\" data-img-width=\"1900\" data-img-height=\"850\"><\/div><div class=\"l-section-overlay\" style=\"background:linear-gradient(0deg,#204c9a,rgba(26,55,150,0.40))\"><\/div><div class=\"l-section-h i-cf\"><div class=\"g-cols vc_row via_flex valign_top type_default stacking_default\"><div class=\"vc_col-sm-12 wpb_column vc_column_container\"><div class=\"vc_column-inner\"><div class=\"wpb_wrapper\">[vc_custom_heading text=&#8221;Long season rate&#8221; font_container=&#8221;tag:h1|text_align:center|color:%23ffffff&#8221; use_theme_fonts=&#8221;yes&#8221;]<div class=\"wpb_text_column us_custom_4188c705 has_text_color\"><div class=\"wpb_wrapper\"><p style=\"text-align: center;\">Parking <strong>2 minutes<\/strong> away from Malaga Airport<\/p>\n<\/div><\/div><\/div><\/div><\/div><\/div><\/div><\/section><section class=\"l-section wpb_row us_custom_a1d1f5c4 height_medium width_full color_alternate\"><div class=\"l-section-h i-cf\"><div class=\"g-cols vc_row via_flex valign_top type_default stacking_default\"><div class=\"vc_col-sm-12 wpb_column vc_column_container\"><div class=\"vc_column-inner\"><div class=\"wpb_wrapper\"><div class=\"w-pricing us_custom_a5c88937 style_simple items_3\"><div class=\"w-pricing-item type_default\"><div class=\"w-pricing-item-h\"><div class=\"w-pricing-item-header\"><div class=\"w-pricing-item-title\">Annual covered express<\/div><div class=\"w-pricing-item-price\">2,19\u20ac Day \/ 800\u20ac Year<\/div><\/div><ul class=\"w-pricing-item-features\"><li class=\"w-pricing-item-feature\"><strong>INCLUDES:<\/strong><\/li><li class=\"w-pricing-item-feature\">Exterior wash.<\/li><li class=\"w-pricing-item-feature\">Comprehensive insurance throughout the facility.<\/li><li class=\"w-pricing-item-feature\">24-hour video surveillance.<\/li><li class=\"w-pricing-item-feature\">24-hour service and express airport pickup and drop-off.<\/li><\/ul><div class=\"w-pricing-item-footer\"><a class=\"w-btn us-btn-style_1\" style=\"font-size:15px\" href=\"https:\/\/fastparkingmalaga.com\/en\/long-season-rates\/#form\"><span class=\"w-btn-label\">More information<\/span><\/a><\/div><\/div><\/div><div class=\"w-pricing-item type_featured\"><div class=\"w-pricing-item-h\"><div class=\"w-pricing-item-header\"><div class=\"w-pricing-item-title\">Standar Outdoor Rate<\/div><div class=\"w-pricing-item-price\">1,78\u20ac Day \/ 650\u20ac Year<\/div><\/div><ul class=\"w-pricing-item-features\"><li class=\"w-pricing-item-feature\"><strong>INCLUDES:<\/strong><\/li><li class=\"w-pricing-item-feature\">Exterior washing included.<\/li><li class=\"w-pricing-item-feature\">All Risk Insurance in all the enclosure.<\/li><li class=\"w-pricing-item-feature\">Video - Surveillance 24Hours.<\/li><li class=\"w-pricing-item-feature\">24 hour service and transfer to the terminal.<\/li><li class=\"w-pricing-item-feature\">Fast In&Out Service (No Waiting).<\/li><\/ul><div class=\"w-pricing-item-footer\"><a class=\"w-btn us-btn-style_1\" style=\"font-size:15px\" href=\"https:\/\/fastparkingmalaga.com\/en\/long-season-rates\/#form\"><span class=\"w-btn-label\">More information<\/span><\/a><\/div><\/div><\/div><div class=\"w-pricing-item type_default\"><div class=\"w-pricing-item-h\"><div class=\"w-pricing-item-header\"><div class=\"w-pricing-item-title\">Standard Indoor Rate<\/div><div class=\"w-pricing-item-price\">1,92\u20ac Day \/ 700\u20ac Year<\/div><\/div><ul class=\"w-pricing-item-features\"><li class=\"w-pricing-item-feature\"><strong>INCLUDES:<\/strong><\/li><li class=\"w-pricing-item-feature\">Exterior washing included.<\/li><li class=\"w-pricing-item-feature\">All Risk Insurance in all the enclosure.<\/li><li class=\"w-pricing-item-feature\">Video - Surveillance 24Hours.<\/li><li class=\"w-pricing-item-feature\">24 hour service and transfer to the terminal.<\/li><li class=\"w-pricing-item-feature\">Fast In&Out Service (No Waiting).<\/li><\/ul><div class=\"w-pricing-item-footer\"><a class=\"w-btn us-btn-style_1\" style=\"font-size:15px\" href=\"https:\/\/fastparkingmalaga.com\/en\/long-season-rates\/#form\"><span class=\"w-btn-label\">More information<\/span><\/a><\/div><\/div><\/div><\/div><\/div><\/div><\/div><\/div><\/div><\/section><section class=\"l-section wpb_row height_medium\"><div class=\"l-section-overlay\" style=\"background:#FEFEFE\"><\/div><div class=\"l-section-h i-cf\"><div class=\"g-cols vc_row via_flex valign_top type_default stacking_default\"><div class=\"vc_col-sm-12 wpb_column vc_column_container\"><div class=\"vc_column-inner\"><div class=\"wpb_wrapper\">[vc_custom_heading text=&#8221;List of <strong>Long Stay Rates<\/strong>&#8221; font_container=&#8221;tag:h2|text_align:center&#8221; use_theme_fonts=&#8221;yes&#8221;]<\/div><\/div><\/div><\/div><\/div><\/section><section class=\"l-section wpb_row us_custom_08ae8efe  hide_on_default hide_on_laptops height_medium color_alternate\"><div class=\"l-section-overlay\" style=\"background:#FEFEFE\"><\/div><div class=\"l-section-h i-cf\"><div class=\"g-cols vc_row via_flex valign_top type_default stacking_default\" style=\"--additional-gap:15px;\"><div class=\"vc_col-sm-12 wpb_column vc_column_container has_bg_color\"><div class=\"vc_column-inner us_custom_c2f60b7b\"><div class=\"wpb_wrapper\">[vc_custom_heading text=&#8221;covered express&#8221; font_container=&#8221;tag:h3|text_align:center|color:%23ffffff&#8221; use_theme_fonts=&#8221;yes&#8221; css=&#8221;%7B%22default%22%3A%7B%22background-color%22%3A%22%23e32228%22%2C%22padding-top%22%3A%2210px%22%2C%22padding-bottom%22%3A%2210px%22%7D%7D&#8221;]<div class=\"wpb_text_column\"><div class=\"wpb_wrapper\"><p style=\"text-align: center;\"><strong>Quarterly: 350\u20ac<\/strong><\/p>\n<p style=\"text-align: center;\"><strong>Semiannual: 550\u20ac<\/strong><\/p>\n<p style=\"text-align: center;\"><strong>Annual: 800\u20ac<\/strong><\/p>\n<\/div><\/div><\/div><\/div><\/div><\/div><\/div><\/section><section class=\"l-section wpb_row us_custom_08ae8efe  hide_on_default hide_on_laptops height_medium color_alternate\"><div class=\"l-section-overlay\" style=\"background:#FEFEFE\"><\/div><div class=\"l-section-h i-cf\"><div class=\"g-cols vc_row via_flex valign_top type_default stacking_default\" style=\"--additional-gap:15px;\"><div class=\"vc_col-sm-12 wpb_column vc_column_container has_bg_color\"><div class=\"vc_column-inner us_custom_c2f60b7b\"><div class=\"wpb_wrapper\">[vc_custom_heading text=&#8221;Indoor&#8221; font_container=&#8221;tag:h3|text_align:center|color:%23ffffff&#8221; use_theme_fonts=&#8221;yes&#8221; css=&#8221;%7B%22default%22%3A%7B%22background-color%22%3A%22%23e32228%22%2C%22padding-top%22%3A%2210px%22%2C%22padding-bottom%22%3A%2210px%22%7D%7D&#8221;]<div class=\"wpb_text_column\"><div class=\"wpb_wrapper\"><p style=\"text-align: center;\"><strong>Quarterly: 300\u20ac<\/strong><\/p>\n<p style=\"text-align: center;\"><strong>Semiannual: 450\u20ac<\/strong><\/p>\n<p style=\"text-align: center;\"><strong>Annual: 700\u20ac<\/strong><\/p>\n<\/div><\/div><\/div><\/div><\/div><\/div><\/div><\/section><section class=\"l-section wpb_row us_custom_08ae8efe  hide_on_default hide_on_laptops height_medium color_alternate\"><div class=\"l-section-overlay\" style=\"background:#FEFEFE\"><\/div><div class=\"l-section-h i-cf\"><div class=\"g-cols vc_row via_flex valign_top type_default stacking_default\" style=\"--additional-gap:15px;\"><div class=\"vc_col-sm-12 wpb_column vc_column_container has_bg_color\"><div class=\"vc_column-inner us_custom_c2f60b7b\"><div class=\"wpb_wrapper\">[vc_custom_heading text=&#8221;Outdoor&#8221; font_container=&#8221;tag:h3|text_align:center|color:%23ffffff&#8221; use_theme_fonts=&#8221;yes&#8221; css=&#8221;%7B%22default%22%3A%7B%22background-color%22%3A%22%23e32228%22%2C%22padding-top%22%3A%2210px%22%2C%22padding-bottom%22%3A%2210px%22%7D%7D&#8221;]<div class=\"wpb_text_column\"><div class=\"wpb_wrapper\"><p style=\"text-align: center;\"><strong>Quarterly: 275\u20ac<\/strong><\/p>\n<p style=\"text-align: center;\"><strong>Semiannual: 400\u20ac<\/strong><\/p>\n<p style=\"text-align: center;\"><strong>Annual: 650\u20ac<\/strong><\/p>\n<\/div><\/div><\/div><\/div><\/div><\/div><\/div><\/section><section class=\"l-section wpb_row us_custom_7f386fda  hide_on_tablets hide_on_mobiles height_small color_alternate\"><div class=\"l-section-overlay\" style=\"background:#FEFEFE\"><\/div><div class=\"l-section-h i-cf\"><div class=\"g-cols vc_row via_flex valign_top type_default stacking_default\" style=\"--additional-gap:15px;\"><div class=\"vc_col-sm-12 wpb_column vc_column_container has_bg_color\"><div class=\"vc_column-inner us_custom_c2f60b7b\"><div class=\"wpb_wrapper\">[vc_custom_heading text=&#8221;PARKING&#8221; font_container=&#8221;tag:h3|text_align:center|color:%23ffffff&#8221; use_theme_fonts=&#8221;yes&#8221; css=&#8221;%7B%22default%22%3A%7B%22background-color%22%3A%22%23e32228%22%2C%22padding-top%22%3A%2210px%22%2C%22padding-bottom%22%3A%2210px%22%7D%7D&#8221;]<div class=\"g-cols wpb_row us_custom_b7a3db55 via_flex valign_top type_default stacking_default\"><div class=\"vc_col-sm-3 wpb_column vc_column_container\"><div class=\"vc_column-inner\"><div class=\"wpb_wrapper\"><div class=\"wpb_text_column\"><div class=\"wpb_wrapper\"><p style=\"text-align: left;\"><strong>SEASON<\/strong><\/p>\n<\/div><\/div><div class=\"w-separator size_small\"><\/div><div class=\"wpb_text_column\"><div class=\"wpb_wrapper\"><p>Quarterly<\/p>\n<p>Semiannual<\/p>\n<p>Annual<\/p>\n<\/div><\/div><\/div><\/div><\/div><div class=\"vc_col-sm-3 wpb_column vc_column_container\"><div class=\"vc_column-inner us_custom_1d60bf7e\"><div class=\"wpb_wrapper\"><div class=\"wpb_text_column us_custom_e9366e5d has_text_color\"><div class=\"wpb_wrapper\"><p style=\"text-align: center;\"><strong>COVERED EXPRESS<\/strong><\/p>\n<\/div><\/div><div class=\"w-separator size_small\"><\/div><div class=\"wpb_text_column\"><div class=\"wpb_wrapper\"><p style=\"text-align: center;\">350\u20ac<\/p>\n<p style=\"text-align: center;\">550\u20ac<\/p>\n<p style=\"text-align: center;\">800\u20ac<\/p>\n<\/div><\/div><\/div><\/div><\/div><div class=\"vc_col-sm-3 wpb_column vc_column_container\"><div class=\"vc_column-inner us_custom_1d60bf7e\"><div class=\"wpb_wrapper\"><div class=\"wpb_text_column us_custom_d184ba59 has_text_color\"><div class=\"wpb_wrapper\"><p style=\"text-align: center;\"><strong>INDOOR<\/strong><\/p>\n<\/div><\/div><div class=\"w-separator size_small\"><\/div><div class=\"wpb_text_column\"><div class=\"wpb_wrapper\"><p style=\"text-align: center;\">300\u20ac<\/p>\n<p style=\"text-align: center;\">450\u20ac<\/p>\n<p style=\"text-align: center;\">700\u20ac<\/p>\n<\/div><\/div><\/div><\/div><\/div><div class=\"vc_col-sm-3 wpb_column vc_column_container\"><div class=\"vc_column-inner us_custom_1d60bf7e\"><div class=\"wpb_wrapper\"><div class=\"wpb_text_column us_custom_2dc5cde7 has_text_color\"><div class=\"wpb_wrapper\"><p style=\"text-align: center;\"><strong>OUTDOOR<\/strong><\/p>\n<\/div><\/div><div class=\"w-separator size_small\"><\/div><div class=\"wpb_text_column\"><div class=\"wpb_wrapper\"><p style=\"text-align: center;\">275\u20ac<\/p>\n<p style=\"text-align: center;\">400\u20ac<\/p>\n<p style=\"text-align: center;\">600\u20ac<\/p>\n<\/div><\/div><\/div><\/div><\/div><\/div><\/div><\/div><\/div><\/div><\/div><\/section><section class=\"l-section wpb_row height_small\"><div class=\"l-section-overlay\" style=\"background:#FEFEFE\"><\/div><div class=\"l-section-h i-cf\"><div class=\"g-cols vc_row via_flex valign_top type_default stacking_default\"><div class=\"vc_col-sm-12 wpb_column vc_column_container\"><div class=\"vc_column-inner\"><div class=\"wpb_wrapper\"><div class=\"w-btn-wrapper align_center\"><a class=\"w-btn us-btn-style_1\" href=\"https:\/\/fastparkingmalaga.com\/en\/long-season-rates\/#form\"><span class=\"w-btn-label\">More information<\/span><\/a><\/div><\/div><\/div><\/div><\/div><\/div><\/section><section class=\"l-section wpb_row height_medium with_img\" id=\"form\"><div class=\"l-section-img\" style=\"background-image: url(https:\/\/fastparkingmalaga.com\/wp-content\/uploads\/2022\/10\/fondo-form.jpg);\" data-img-width=\"1900\" data-img-height=\"850\"><\/div><div class=\"l-section-overlay\" style=\"background:rgba(0,0,0,0.55)\"><\/div><div class=\"l-section-h i-cf\"><div class=\"g-cols vc_row via_flex valign_top type_default stacking_default\"><div class=\"vc_col-sm-4 wpb_column vc_column_container\"><div class=\"vc_column-inner\"><div class=\"wpb_wrapper\">[vc_custom_heading text=&#8221;Need more information?&#8221; font_container=&#8221;tag:h3|text_align:left|color:%23ffffff&#8221; use_theme_fonts=&#8221;yes&#8221;]<div class=\"wpb_text_column us_custom_6df4bc3a has_text_color\"><div class=\"wpb_wrapper\"><p>Fill in the form and tell us what rate you need more information about. We will contact you as soon as possible.<\/p>\n<\/div><\/div><\/div><\/div><\/div><div class=\"vc_col-sm-8 wpb_column vc_column_container\"><div class=\"vc_column-inner\"><div class=\"wpb_wrapper\">\n<div class=\"wpcf7 no-js\" id=\"wpcf7-f8180-o1\" lang=\"es-ES\" dir=\"ltr\">\n<div class=\"screen-reader-response\"><p role=\"status\" aria-live=\"polite\" aria-atomic=\"true\"><\/p> <ul><\/ul><\/div>\n<form action=\"\/en\/wp-json\/wp\/v2\/pages\/8176#wpcf7-f8180-o1\" method=\"post\" class=\"wpcf7-form init\" aria-label=\"Formulario de contacto\" novalidate=\"novalidate\" data-status=\"init\">\n<div style=\"display: none;\">\n<input type=\"hidden\" name=\"_wpcf7\" value=\"8180\" \/>\n<input type=\"hidden\" name=\"_wpcf7_version\" value=\"5.7.7\" \/>\n<input type=\"hidden\" name=\"_wpcf7_locale\" value=\"es_ES\" \/>\n<input type=\"hidden\" name=\"_wpcf7_unit_tag\" value=\"wpcf7-f8180-o1\" \/>\n<input type=\"hidden\" name=\"_wpcf7_container_post\" value=\"0\" \/>\n<input type=\"hidden\" name=\"_wpcf7_posted_data_hash\" value=\"\" \/>\n<input type=\"hidden\" name=\"_wpcf7_recaptcha_response\" value=\"\" \/>\n<\/div>\n<div class=\"form-group\">\n\t<p><label for=\"name-rate\"><span class=\"wpcf7-form-control-wrap\" data-name=\"name-rate\"><input size=\"40\" class=\"wpcf7-form-control wpcf7-text wpcf7-validates-as-required\" id=\"name-rate\" aria-required=\"true\" aria-invalid=\"false\" placeholder=\"Name\" value=\"\" type=\"text\" name=\"name-rate\" \/><\/span><\/label>\n\t<\/p>\n<\/div>\n<div class=\"form-group\">\n\t<p><label for=\"email-rate\"><span class=\"wpcf7-form-control-wrap\" data-name=\"email-rate\"><input size=\"40\" class=\"wpcf7-form-control wpcf7-text wpcf7-email wpcf7-validates-as-email\" id=\"email-rate\" aria-invalid=\"false\" placeholder=\"Email\" value=\"\" type=\"email\" name=\"email-rate\" \/><\/span><\/label>\n\t<\/p>\n<\/div>\n<div class=\"form-group\">\n\t<p><label for=\"subject-rate\"><span class=\"wpcf7-form-control-wrap\" data-name=\"subject-rate\"><input size=\"40\" class=\"wpcf7-form-control wpcf7-text\" id=\"subject-rate\" aria-invalid=\"false\" placeholder=\"Subject\" value=\"\" type=\"text\" name=\"subject-rate\" \/><\/span><\/label>\n\t<\/p>\n<\/div>\n<div class=\"form-group\">\n\t<p><label for=\"message-rate\"><span class=\"wpcf7-form-control-wrap\" data-name=\"message-rate\"><textarea cols=\"40\" rows=\"10\" class=\"wpcf7-form-control wpcf7-textarea\" id=\"message-rate\" aria-invalid=\"false\" placeholder=\"Message*\" name=\"message-rate\"><\/textarea><\/span><\/label>\n\t<\/p>\n<\/div>\n<p><label for=\"legal\"><span class=\"wpcf7-form-control-wrap\" data-name=\"legal\"><span class=\"wpcf7-form-control wpcf7-acceptance\"><span class=\"wpcf7-list-item\"><input type=\"checkbox\" name=\"legal\" value=\"1\" id=\"legal\" aria-invalid=\"false\" \/><\/span><\/span><\/span> By submitting this form you agree to <a href=\"https:\/\/fastparkingmalaga.com\/politica-de-privacidad\/\" style=\"color:white; target=\"_blank\">our privacy policy<\/a><br \/>\n<input class=\"wpcf7-form-control has-spinner wpcf7-submit\" type=\"submit\" value=\"Submit\" \/><\/label>\n<\/p><div class=\"wpcf7-response-output\" aria-hidden=\"true\"><\/div>\n<\/form>\n<\/div>\n<\/div><\/div><\/div><\/div><\/div><\/section>\n","protected":false},"excerpt":{"rendered":"[vc_custom_heading text=\"Long season rates\" font_container=\"tag:h1|text_align:center|color:%23ffffff\" use_theme_fonts=\"yes\"]Parking 2 minutes away from Malaga Airport [vc_custom_heading text=\"Long season rate\" font_container=\"tag:h1|text_align:center|color:%23ffffff\" use_theme_fonts=\"yes\"]Parking 2 minutes away from Malaga Airport Annual covered express2,19\u20ac Day \/ 800\u20ac YearINCLUDES:Exterior wash.Comprehensive insurance throughout the facility.24-hour video surveillance.24-hour service and express airport pickup and drop-off.More informationStandar Outdoor Rate1,78\u20ac Day \/ 650\u20ac YearINCLUDES:Exterior washing included.All Risk...","protected":false},"author":1,"featured_media":0,"parent":0,"menu_order":0,"comment_status":"closed","ping_status":"closed","template":"","meta":[],"yoast_head":"<!-- This site is optimized with the Yoast SEO plugin v20.6 - https:\/\/yoast.com\/wordpress\/plugins\/seo\/ -->\n<title>Long season rates | Aeropuerto M\u00e1laga Fast Parking- T1, T2, T3 a 2 ,minutos<\/title>\n<meta name=\"robots\" content=\"index, follow, max-snippet:-1, max-image-preview:large, max-video-preview:-1\" \/>\n<link rel=\"canonical\" href=\"https:\/\/fastparkingmalaga.com\/en\/long-season-rates\/\" \/>\n<meta property=\"og:locale\" content=\"en_US\" \/>\n<meta property=\"og:type\" content=\"article\" \/>\n<meta property=\"og:title\" content=\"Long season rates | Aeropuerto M\u00e1laga Fast Parking- T1, T2, T3 a 2 ,minutos\" \/>\n<meta property=\"og:url\" content=\"https:\/\/fastparkingmalaga.com\/en\/long-season-rates\/\" \/>\n<meta property=\"og:site_name\" content=\"Aeropuerto M\u00e1laga Fast Parking- T1, T2, T3 a 2 ,minutos\" \/>\n<meta property=\"article:modified_time\" content=\"2025-04-11T12:02:05+00:00\" \/>\n<meta name=\"twitter:card\" content=\"summary_large_image\" \/>\n<meta name=\"twitter:label1\" content=\"Est. reading time\" \/>\n\t<meta name=\"twitter:data1\" content=\"8 minutes\" \/>\n<script type=\"application\/ld+json\" class=\"yoast-schema-graph\">{\"@context\":\"https:\/\/schema.org\",\"@graph\":[{\"@type\":\"WebPage\",\"@id\":\"https:\/\/fastparkingmalaga.com\/en\/long-season-rates\/\",\"url\":\"https:\/\/fastparkingmalaga.com\/en\/long-season-rates\/\",\"name\":\"Long season rates | Aeropuerto M\u00e1laga Fast Parking- T1, T2, T3 a 2 ,minutos\",\"isPartOf\":{\"@id\":\"https:\/\/fastparkingmalaga.com\/en\/#website\"},\"datePublished\":\"2022-10-19T10:35:05+00:00\",\"dateModified\":\"2025-04-11T12:02:05+00:00\",\"breadcrumb\":{\"@id\":\"https:\/\/fastparkingmalaga.com\/en\/long-season-rates\/#breadcrumb\"},\"inLanguage\":\"en-US\",\"potentialAction\":[{\"@type\":\"ReadAction\",\"target\":[\"https:\/\/fastparkingmalaga.com\/en\/long-season-rates\/\"]}]},{\"@type\":\"BreadcrumbList\",\"@id\":\"https:\/\/fastparkingmalaga.com\/en\/long-season-rates\/#breadcrumb\",\"itemListElement\":[{\"@type\":\"ListItem\",\"position\":1,\"name\":\"Portada\",\"item\":\"https:\/\/fastparkingmalaga.com\/en\/\"},{\"@type\":\"ListItem\",\"position\":2,\"name\":\"Long season rates\"}]},{\"@type\":\"WebSite\",\"@id\":\"https:\/\/fastparkingmalaga.com\/en\/#website\",\"url\":\"https:\/\/fastparkingmalaga.com\/en\/\",\"name\":\"Aeropuerto M\u00e1laga Fast Parking- T1, T2, T3 a 2 ,minutos\",\"description\":\"Fast Parking Aeropuerto M\u00e1laga \u2714\ufe0f Reserva tu plaza de aparcamiento m\u00e1s econ\u00f3mica cerca del aeropuerto de M\u00e1laga con vigilancia 24horas\",\"publisher\":{\"@id\":\"https:\/\/fastparkingmalaga.com\/en\/#organization\"},\"potentialAction\":[{\"@type\":\"SearchAction\",\"target\":{\"@type\":\"EntryPoint\",\"urlTemplate\":\"https:\/\/fastparkingmalaga.com\/en\/?s={search_term_string}\"},\"query-input\":\"required name=search_term_string\"}],\"inLanguage\":\"en-US\"},{\"@type\":\"Organization\",\"@id\":\"https:\/\/fastparkingmalaga.com\/en\/#organization\",\"name\":\"Aeropuerto M\u00e1laga Fast Parking- T1, T2, T3 a 2 ,minutos\",\"url\":\"https:\/\/fastparkingmalaga.com\/en\/\",\"logo\":{\"@type\":\"ImageObject\",\"inLanguage\":\"en-US\",\"@id\":\"https:\/\/fastparkingmalaga.com\/en\/#\/schema\/logo\/image\/\",\"url\":\"https:\/\/fastparkingmalaga.com\/wp-content\/uploads\/2022\/09\/cropped-cropped-LOGO-PARKING-SUR-LONG-768x166-1.png\",\"contentUrl\":\"https:\/\/fastparkingmalaga.com\/wp-content\/uploads\/2022\/09\/cropped-cropped-LOGO-PARKING-SUR-LONG-768x166-1.png\",\"width\":400,\"height\":100,\"caption\":\"Aeropuerto M\u00e1laga Fast Parking- T1, T2, T3 a 2 ,minutos\"},\"image\":{\"@id\":\"https:\/\/fastparkingmalaga.com\/en\/#\/schema\/logo\/image\/\"}}]}<\/script>\n<!-- \/ Yoast SEO plugin. -->","yoast_head_json":{"title":"Long season rates | Aeropuerto M\u00e1laga Fast Parking- T1, T2, T3 a 2 ,minutos","robots":{"index":"index","follow":"follow","max-snippet":"max-snippet:-1","max-image-preview":"max-image-preview:large","max-video-preview":"max-video-preview:-1"},"canonical":"https:\/\/fastparkingmalaga.com\/en\/long-season-rates\/","og_locale":"en_US","og_type":"article","og_title":"Long season rates | Aeropuerto M\u00e1laga Fast Parking- T1, T2, T3 a 2 ,minutos","og_url":"https:\/\/fastparkingmalaga.com\/en\/long-season-rates\/","og_site_name":"Aeropuerto M\u00e1laga Fast Parking- T1, T2, T3 a 2 ,minutos","article_modified_time":"2025-04-11T12:02:05+00:00","twitter_card":"summary_large_image","twitter_misc":{"Est. reading time":"8 minutes"},"schema":{"@context":"https:\/\/schema.org","@graph":[{"@type":"WebPage","@id":"https:\/\/fastparkingmalaga.com\/en\/long-season-rates\/","url":"https:\/\/fastparkingmalaga.com\/en\/long-season-rates\/","name":"Long season rates | Aeropuerto M\u00e1laga Fast Parking- T1, T2, T3 a 2 ,minutos","isPartOf":{"@id":"https:\/\/fastparkingmalaga.com\/en\/#website"},"datePublished":"2022-10-19T10:35:05+00:00","dateModified":"2025-04-11T12:02:05+00:00","breadcrumb":{"@id":"https:\/\/fastparkingmalaga.com\/en\/long-season-rates\/#breadcrumb"},"inLanguage":"en-US","potentialAction":[{"@type":"ReadAction","target":["https:\/\/fastparkingmalaga.com\/en\/long-season-rates\/"]}]},{"@type":"BreadcrumbList","@id":"https:\/\/fastparkingmalaga.com\/en\/long-season-rates\/#breadcrumb","itemListElement":[{"@type":"ListItem","position":1,"name":"Portada","item":"https:\/\/fastparkingmalaga.com\/en\/"},{"@type":"ListItem","position":2,"name":"Long season rates"}]},{"@type":"WebSite","@id":"https:\/\/fastparkingmalaga.com\/en\/#website","url":"https:\/\/fastparkingmalaga.com\/en\/","name":"Aeropuerto M\u00e1laga Fast Parking- T1, T2, T3 a 2 ,minutos","description":"Fast Parking Aeropuerto M\u00e1laga \u2714\ufe0f Reserva tu plaza de aparcamiento m\u00e1s econ\u00f3mica cerca del aeropuerto de M\u00e1laga con vigilancia 24horas","publisher":{"@id":"https:\/\/fastparkingmalaga.com\/en\/#organization"},"potentialAction":[{"@type":"SearchAction","target":{"@type":"EntryPoint","urlTemplate":"https:\/\/fastparkingmalaga.com\/en\/?s={search_term_string}"},"query-input":"required name=search_term_string"}],"inLanguage":"en-US"},{"@type":"Organization","@id":"https:\/\/fastparkingmalaga.com\/en\/#organization","name":"Aeropuerto M\u00e1laga Fast Parking- T1, T2, T3 a 2 ,minutos","url":"https:\/\/fastparkingmalaga.com\/en\/","logo":{"@type":"ImageObject","inLanguage":"en-US","@id":"https:\/\/fastparkingmalaga.com\/en\/#\/schema\/logo\/image\/","url":"https:\/\/fastparkingmalaga.com\/wp-content\/uploads\/2022\/09\/cropped-cropped-LOGO-PARKING-SUR-LONG-768x166-1.png","contentUrl":"https:\/\/fastparkingmalaga.com\/wp-content\/uploads\/2022\/09\/cropped-cropped-LOGO-PARKING-SUR-LONG-768x166-1.png","width":400,"height":100,"caption":"Aeropuerto M\u00e1laga Fast Parking- T1, T2, T3 a 2 ,minutos"},"image":{"@id":"https:\/\/fastparkingmalaga.com\/en\/#\/schema\/logo\/image\/"}}]}},"_links":{"self":[{"href":"https:\/\/fastparkingmalaga.com\/en\/wp-json\/wp\/v2\/pages\/8176"}],"collection":[{"href":"https:\/\/fastparkingmalaga.com\/en\/wp-json\/wp\/v2\/pages"}],"about":[{"href":"https:\/\/fastparkingmalaga.com\/en\/wp-json\/wp\/v2\/types\/page"}],"author":[{"embeddable":true,"href":"https:\/\/fastparkingmalaga.com\/en\/wp-json\/wp\/v2\/users\/1"}],"replies":[{"embeddable":true,"href":"https:\/\/fastparkingmalaga.com\/en\/wp-json\/wp\/v2\/comments?post=8176"}],"version-history":[{"count":8,"href":"https:\/\/fastparkingmalaga.com\/en\/wp-json\/wp\/v2\/pages\/8176\/revisions"}],"predecessor-version":[{"id":10496,"href":"https:\/\/fastparkingmalaga.com\/en\/wp-json\/wp\/v2\/pages\/8176\/revisions\/10496"}],"wp:attachment":[{"href":"https:\/\/fastparkingmalaga.com\/en\/wp-json\/wp\/v2\/media?parent=8176"}],"curies":[{"name":"wp","href":"https:\/\/api.w.org\/{rel}","templated":true}]}}